{"id":1818,"date":"2021-04-28T11:48:14","date_gmt":"2021-04-28T14:48:14","guid":{"rendered":"https:\/\/ippc-ers.infd.edu.ar\/sitio\/?page_id=1818"},"modified":"2026-02-13T21:30:49","modified_gmt":"2026-02-14T00:30:49","slug":"alumnos","status":"publish","type":"page","link":"https:\/\/ippc-ers.infd.edu.ar\/sitio\/alumnos\/","title":{"rendered":"ALUMNOS"},"content":{"rendered":"<p><center><\/p>\n<h1>Panel del Estudiante del IPC<\/h1>\n<style>\n#mitabla{width:90%; margin-left:auto; margin-right:auto;background:#fff;cellspacing:5px}<br \/>\n#mitabla td{<br \/>\npadding:10px;<br \/>\nborder-spacing:5px<br \/>\nbackground:#eee;<br \/>\nborder-radius:5px;<br \/>\n}<\/p>\n<p>#mitabla a{<br \/>\ntext-decoration:none;<br \/>\nfont-family:arial;<br \/>\n}<br \/>\n<\/style>\n<p><!--\n\n\n<tr>\n\n\n<td><img decoding=\"async\" src=\"https:\/\/ippc-ers.infd.edu.ar\/sitio\/wp-content\/uploads\/2024\/03\/flecha.png\" width=\"48px\"><\/td>\n\n\n\n\n<td><a href=\"https:\/\/forms.gle\/UgZUiTAnR1dTiKUp8\">Baja del cursado de una materia o del a\u00f1o acad\u00e9mico<\/a><\/td>\n\n\n<\/tr>\n\n\n--><\/p>\n<p><!--\n\n\n<tr>\n\n\n<td><strong><img decoding=\"async\" src=\"https:\/\/ippc-ers.infd.edu.ar\/sitio\/wp-content\/uploads\/2024\/03\/flecha.png\" width=\"48px\" \/><\/strong><\/td>\n\n\n\n\n<td><strong>Solicitar baja de un EXAMEN FINAL<\/strong><strong>(hasta las 20hs del \u00faltimo d\u00eda h\u00e1bil antes del examen)<\/strong>\n\n<b>Importante<\/b>: Para los ex\u00e1menes de los d\u00edas lunes, hay tiempo hasta las 20 h. del viernes anterior (si ese viernes es feriado, el plazo es hasta el jueves a las 20 h).\n--><br \/>\n<!--\n\n\n<tr>\n\n\n<td><img decoding=\"async\" width=48px src=\"https:\/\/ippc-ers.infd.edu.ar\/sitio\/wp-content\/uploads\/2024\/03\/flecha.png\">\n\n\n<td><a href=\"https:\/\/forms.gle\/1cUjFLeFsqCDxAiS7\">Reconocimiento de Equivalencias<\/a>\n--><\/p>\n<table id=\"mitabla\">\n<tbody>\n<tr>\n<td colspan=\"2\">\n<h3>Administraci\u00f3n:<\/h3>\n<\/td>\n<\/tr>\n<tr>\n<td><img decoding=\"async\" src=\"https:\/\/ippc-ers.infd.edu.ar\/sitio\/wp-content\/uploads\/2024\/03\/flecha.png\" width=\"48px\" \/><\/td>\n<td>\n<ul>\n<li>Datos para transferencia bancaria:<\/li>\n<li>Alias: INSTI.PROF.CONCORDIA (Banco Santander)<\/li>\n<li>CBU: 0720185720000005000436<\/li>\n<li>Enviar comprobante a con Nombre completo, DNI y carrera a hfornillobachid54@gmail.com<\/li>\n<\/ul>\n<\/td>\n<\/tr>\n<tr>\n<td colspan=\"2\">\n<h3>Solicitudes:<\/h3>\n<\/td>\n<\/tr>\n<tr>\n<td><img decoding=\"async\" src=\"https:\/\/ippc-ers.infd.edu.ar\/sitio\/wp-content\/uploads\/2024\/03\/flecha.png\" width=\"48px\" \/><\/td>\n<td><a href=\"https:\/\/forms.gle\/gbCr4dp3QcbYqF2E9\">Constancia de alumno regular<\/a><\/td>\n<\/tr>\n<tr>\n<td><img decoding=\"async\" src=\"https:\/\/ippc-ers.infd.edu.ar\/sitio\/wp-content\/uploads\/2024\/03\/flecha.png\" width=\"48px\" \/><\/td>\n<td><a href=\"https:\/\/forms.gle\/5J7NL43LrRb97HqK7\">Constancia de materias aprobadas<\/a><\/td>\n<\/tr>\n<tr>\n<td><img decoding=\"async\" src=\"https:\/\/ippc-ers.infd.edu.ar\/sitio\/wp-content\/uploads\/2024\/03\/flecha.png\" width=\"48px\" \/><\/td>\n<td><a href=\"https:\/\/ippc-ers.infd.edu.ar\/sitio\/equivalencias\/\">Solicitud de Equivalencias<\/a> Del 11 de febrero al 25 de marzo de 2026.-<\/td>\n<\/tr>\n<tr>\n<td><img decoding=\"async\" src=\"https:\/\/ippc-ers.infd.edu.ar\/sitio\/wp-content\/uploads\/2024\/03\/flecha.png\" width=\"48px\" \/><\/td>\n<td><a href=\"https:\/\/forms.gle\/HSZmp4f4KpWd8USV7\">Tramitaci\u00f3n de t\u00edtulo<\/a><\/td>\n<\/tr>\n<tr>\n<td colspan=\"2\">\n<h3>Ex\u00e1menes finales:<\/h3>\n<\/td>\n<\/tr>\n<tr>\n<td>\n<h2><img decoding=\"async\" src=\"https:\/\/ippc-ers.infd.edu.ar\/sitio\/wp-content\/uploads\/2024\/03\/flecha.png\" width=\"48px\" \/><\/h2>\n<\/td>\n<td>\n<h2>TURNO FEBRERO-MARZO 2026<\/h2>\n<p><strong><a href=\"https:\/\/ippc-ers.infd.edu.ar\/sitio\/cronograma-de-examenes-finales-febrero-marzo-2026\/\">CRONOGRAMA DE EX\u00c1MENES TURNO FEBRERO-MARZO 2026<\/a><\/strong><\/p>\n<p><strong><a href=\"https:\/\/ipconcordia.com.ar\/ipc\/finales\/\">FORMULARIO DE SOLICITUD DE BAJAS DEL TURNO FEBRERO-MARZO 2026<\/a><\/strong><\/p>\n<p>Para una mejor organizaci\u00f3n y por disposici\u00f3n del nuevo RAM, en caso de no rendir una materia a la que se inscriban, es obligatorio darse de\u00a0<strong>baja hasta las 20 h del d\u00eda h\u00e1bil previo<\/strong>\u00a0a la fecha del examen.<\/p>\n<p>Por consultas, dirigirse a secreacademica@gmail.com<\/td>\n<\/tr>\n<tr>\n<td colspan=\"2\">\n<h3>Normativa<\/h3>\n<\/td>\n<\/tr>\n<tr>\n<td><img decoding=\"async\" src=\"https:\/\/ippc-ers.infd.edu.ar\/sitio\/wp-content\/uploads\/2024\/03\/flecha.png\" width=\"48px\" \/><\/td>\n<td><a href=\"https:\/\/ippc-ers.infd.edu.ar\/sitio\/wp-content\/uploads\/2024\/03\/0249-24-CGE-RAM-Institutos-de-Educacion-Superior-2024.pdf\">R\u00e9gimen Acad\u00e9mico Marco &#8211; Resoluci\u00f3n 249\/2024 CGE<\/a><\/td>\n<\/tr>\n<tr>\n<td><img decoding=\"async\" src=\"https:\/\/ippc-ers.infd.edu.ar\/sitio\/wp-content\/uploads\/2024\/03\/flecha.png\" width=\"48px\" \/><\/td>\n<td><a href=\"https:\/\/ippc-ers.infd.edu.ar\/sitio\/wp-content\/uploads\/2024\/03\/Correlatividades-Biologia.pdf\">Correlatividades del Profesorado de Biolog\u00eda<\/a><\/td>\n<\/tr>\n<tr>\n<td><img decoding=\"async\" src=\"https:\/\/ippc-ers.infd.edu.ar\/sitio\/wp-content\/uploads\/2024\/03\/flecha.png\" width=\"48px\" \/><\/td>\n<td><a href=\"https:\/\/ippc-ers.infd.edu.ar\/sitio\/wp-content\/uploads\/2024\/03\/Correlatividades-Filosofia.pdf\">Correlatividades del Profesorado de Filosof\u00eda<\/a><\/td>\n<\/tr>\n<tr>\n<td><img decoding=\"async\" src=\"https:\/\/ippc-ers.infd.edu.ar\/sitio\/wp-content\/uploads\/2024\/03\/flecha.png\" width=\"48px\" \/><\/td>\n<td><a href=\"https:\/\/ippc-ers.infd.edu.ar\/sitio\/wp-content\/uploads\/2024\/03\/Correlatividades-Geografia.pdf\">Correlatividades del Profesorado de Geograf\u00eda<\/a><\/td>\n<\/tr>\n<tr>\n<td><img decoding=\"async\" src=\"https:\/\/ippc-ers.infd.edu.ar\/sitio\/wp-content\/uploads\/2024\/03\/flecha.png\" width=\"48px\" \/><\/td>\n<td><a href=\"https:\/\/ippc-ers.infd.edu.ar\/sitio\/wp-content\/uploads\/2024\/03\/Correlatividades-Historia.pdf\">Correlatividades del Profesorado de Historia<\/a><\/td>\n<\/tr>\n<tr>\n<td><img decoding=\"async\" src=\"https:\/\/ippc-ers.infd.edu.ar\/sitio\/wp-content\/uploads\/2024\/03\/flecha.png\" width=\"48px\" \/><\/td>\n<td><a href=\"https:\/\/ippc-ers.infd.edu.ar\/sitio\/wp-content\/uploads\/2024\/03\/Correlatividades-Lengua.pdf\">Correlatividades del Profesorado de Lengua y Literatura<\/a><\/td>\n<\/tr>\n<tr>\n<td><img decoding=\"async\" src=\"https:\/\/ippc-ers.infd.edu.ar\/sitio\/wp-content\/uploads\/2024\/03\/flecha.png\" width=\"48px\" \/><\/td>\n<td><a href=\"https:\/\/ippc-ers.infd.edu.ar\/sitio\/wp-content\/uploads\/2024\/03\/Correlatividades-Matematica.pdf\">Correlatividades del Profesorado de Matem\u00e1tica<\/a><\/td>\n<\/tr>\n<tr>\n<td><img decoding=\"async\" src=\"https:\/\/ippc-ers.infd.edu.ar\/sitio\/wp-content\/uploads\/2024\/03\/flecha.png\" width=\"48px\" \/><\/td>\n<td><a href=\"https:\/\/ippc-ers.infd.edu.ar\/sitio\/wp-content\/uploads\/2024\/03\/Correlatividades-Psicologia.pdf\">Correlatividades del Profesorado de Psicolog\u00eda<\/a><\/td>\n<\/tr>\n<tr>\n<td><img decoding=\"async\" src=\"https:\/\/ippc-ers.infd.edu.ar\/sitio\/wp-content\/uploads\/2024\/03\/flecha.png\" width=\"48px\" \/><\/td>\n<td><a href=\"https:\/\/ippc-ers.infd.edu.ar\/sitio\/wp-content\/uploads\/2024\/03\/Correlatividades-Tecnicos.pdf\">Correlatividades de la Tecnicatura Superior en Comunicaci\u00f3n Social<\/a><\/td>\n<\/tr>\n<\/tbody>\n<\/table>\n<p><\/center><\/p>\n","protected":false},"excerpt":{"rendered":"<p>Panel del Estudiante del IPC Administraci\u00f3n: Datos para transferencia bancaria: Alias: INSTI.PROF.CONCORDIA (Banco Santander) CBU: 0720185720000005000436 Enviar comprobante a con Nombre completo, DNI y carrera a hfornillobachid54@gmail.com Solicitudes: Constancia de alumno regular Constancia de materias aprobadas Solicitud de Equivalencias Del 11 de febrero al 25 de marzo de 2026.- Tramitaci\u00f3n de t\u00edtulo Ex\u00e1menes finales: TURNO &#8230; <a title=\"ALUMNOS\" class=\"read-more\" href=\"https:\/\/ippc-ers.infd.edu.ar\/sitio\/alumnos\/\" aria-label=\"More on ALUMNOS\">[+]<\/a><\/p>\n","protected":false},"author":1206,"featured_media":0,"parent":0,"menu_order":0,"comment_status":"closed","ping_status":"closed","template":"","meta":[],"acf":[],"_links":{"self":[{"href":"https:\/\/ippc-ers.infd.edu.ar\/sitio\/wp-json\/wp\/v2\/pages\/1818"}],"collection":[{"href":"https:\/\/ippc-ers.infd.edu.ar\/sitio\/wp-json\/wp\/v2\/pages"}],"about":[{"href":"https:\/\/ippc-ers.infd.edu.ar\/sitio\/wp-json\/wp\/v2\/types\/page"}],"author":[{"embeddable":true,"href":"https:\/\/ippc-ers.infd.edu.ar\/sitio\/wp-json\/wp\/v2\/users\/1206"}],"replies":[{"embeddable":true,"href":"https:\/\/ippc-ers.infd.edu.ar\/sitio\/wp-json\/wp\/v2\/comments?post=1818"}],"version-history":[{"count":85,"href":"https:\/\/ippc-ers.infd.edu.ar\/sitio\/wp-json\/wp\/v2\/pages\/1818\/revisions"}],"predecessor-version":[{"id":3212,"href":"https:\/\/ippc-ers.infd.edu.ar\/sitio\/wp-json\/wp\/v2\/pages\/1818\/revisions\/3212"}],"wp:attachment":[{"href":"https:\/\/ippc-ers.infd.edu.ar\/sitio\/wp-json\/wp\/v2\/media?parent=1818"}],"curies":[{"name":"wp","href":"https:\/\/api.w.org\/{rel}","templated":true}]}}